{"id":13,"date":"2016-01-25T11:35:44","date_gmt":"2016-01-25T13:35:44","guid":{"rendered":"http:\/\/formuladascertificacoes.com.br\/blog\/?page_id=13"},"modified":"2016-11-24T19:34:31","modified_gmt":"2016-11-24T21:34:31","slug":"duvidas","status":"publish","type":"page","link":"https:\/\/formuladascertificacoes.com.br\/blog\/duvidas\/","title":{"rendered":"D\u00favidas"},"content":{"rendered":"<p><img loading=\"lazy\" decoding=\"async\" class=\"size-full wp-image-6 aligncenter\" src=\"http:\/\/formuladascertificacoes.com.br\/blog\/wp-content\/uploads\/2016\/01\/500-x-150-Formula-das-Certificacoes-Transparente.jpg\" alt=\"F\u00f3rmula das Certifica\u00e7\u00f5es\" width=\"500\" height=\"150\" srcset=\"https:\/\/formuladascertificacoes.com.br\/blog\/wp-content\/uploads\/2016\/01\/500-x-150-Formula-das-Certificacoes-Transparente.jpg 500w, https:\/\/formuladascertificacoes.com.br\/blog\/wp-content\/uploads\/2016\/01\/500-x-150-Formula-das-Certificacoes-Transparente-300x90.jpg 300w\" sizes=\"auto, (max-width: 500px) 100vw, 500px\" \/><\/p>\n<h2 style=\"text-align: center;\">Tem alguma d\u00favida sobre o F\u00f3rmula das Certifica\u00e7\u00f5es?<\/h2>\n<p style=\"text-align: justify;\">N\u00e3o guarde ela com voc\u00ea! Envie-nos um e-mail agora mesmo para ter <strong>todas as suas d\u00favidas sanadas<\/strong>.<\/p>\n<p style=\"text-align: justify;\"><strong>Aqui desse lado tem gente como voc\u00ea<\/strong> que batalha todo dia no emprego e rala pra conseguir tirar as Certifica\u00e7\u00f5es Profissionais que, com toda certeza, v\u00e3o nos diferenciar cada vez mais da maioria!<\/p>\n<p style=\"text-align: justify;\">O M\u00e9todo do FC (nome carinhoso hehe) \u00e9 <strong>100% vivo<\/strong>! Diferente da guruzada que anda \u00e0 solta na Internet vendendo milagres (que na sua maior parte n\u00e3o se concretizam), as melhorias que identificamos e que os alunos nos ajudam a criar geram uma parceria que, cada vez mais, est\u00e1 <strong>focada, otimizada e melhorada para preparar voc\u00ea para o seu exame<\/strong> de Certifica\u00e7\u00e3o Profissional em TI, seja ele qual for.<\/p>\n<p style=\"text-align: justify;\">Veja este relato sobre o M\u00e9todo:<\/p>\n<p style=\"text-align: justify;\"><img loading=\"lazy\" decoding=\"async\" class=\"size-full wp-image-110 aligncenter\" src=\"http:\/\/formuladascertificacoes.com.br\/blog\/wp-content\/uploads\/2016\/08\/Sucesso-Leonardo-Feij\u00f3-Formuladascertificacoes.com_.br_-1.png\" alt=\"Sucesso Leonardo Feij\u00f3 - Formuladascertificacoes.com.br\" width=\"300\" height=\"533\" srcset=\"https:\/\/formuladascertificacoes.com.br\/blog\/wp-content\/uploads\/2016\/08\/Sucesso-Leonardo-Feij\u00f3-Formuladascertificacoes.com_.br_-1.png 300w, https:\/\/formuladascertificacoes.com.br\/blog\/wp-content\/uploads\/2016\/08\/Sucesso-Leonardo-Feij\u00f3-Formuladascertificacoes.com_.br_-1-169x300.png 169w\" sizes=\"auto, (max-width: 300px) 100vw, 300px\" \/><\/p>\n<p style=\"text-align: justify;\">Ent\u00e3o, se voc\u00ea tem alguma d\u00favida se o M\u00e9todo do FC pode te ajudar a conquistar seus maiores objetivos, <strong>compartilhe esta d\u00favida conosco!<\/strong> Nos d\u00ea a chance de mostrar que <strong>realmente nos preocupamos com a qualidade do M\u00e9todo<\/strong> e que <strong>ele realmente funciona<\/strong> quando voc\u00ea tem o desejo certo de evoluir a sua Carreira Profissional!<\/p>\n<p style=\"text-align: justify;\">Envie um e-mail para:<\/p>\n<p style=\"text-align: justify;\"><a href=\"mailto:suporte@formuladascertificacoes.com.br\">suporte@formuladascertificacoes.com.br<\/a><\/p>\n<p style=\"text-align: justify;\">e aguarde nosso retorno. Ele vir\u00e1 antes do que voc\u00ea imagina! \ud83d\ude09<\/p>\n<p style=\"text-align: justify;\"><strong>#EquipeFC<\/strong><\/p>\n","protected":false},"excerpt":{"rendered":"<p>Tem alguma d\u00favida sobre o F\u00f3rmula das Certifica\u00e7\u00f5es? N\u00e3o guarde ela com voc\u00ea! Envie-nos um e-mail agora mesmo para ter todas as suas d\u00favidas sanadas. Aqui desse lado tem gente como voc\u00ea que batalha todo dia no emprego e rala pra conseguir tirar as Certifica\u00e7\u00f5es Profissionais que, com toda certeza, v\u00e3o nos diferenciar cada vez mais da maioria! O M\u00e9todo do FC (nome carinhoso hehe) \u00e9 100% vivo! Diferente da guruzada que anda \u00e0 solta na Internet vendendo milagres (que na sua maior parte n\u00e3o <a href=\"https:\/\/formuladascertificacoes.com.br\/blog\/duvidas\/\" class=\"more-link\"><span>Continue lendo<\/span>\u2192<\/a><\/p>\n","protected":false},"author":1,"featured_media":0,"parent":0,"menu_order":0,"comment_status":"closed","ping_status":"closed","template":"","meta":{"_monsterinsights_skip_tracking":false,"_monsterinsights_sitenote_active":false,"_monsterinsights_sitenote_note":"","_monsterinsights_sitenote_category":0,"footnotes":""},"class_list":["entry","author-rodrigo","post-13","page","type-page","status-publish"],"_links":{"self":[{"href":"https:\/\/formuladascertificacoes.com.br\/blog\/wp-json\/wp\/v2\/pages\/13","targetHints":{"allow":["GET"]}}],"collection":[{"href":"https:\/\/formuladascertificacoes.com.br\/blog\/wp-json\/wp\/v2\/pages"}],"about":[{"href":"https:\/\/formuladascertificacoes.com.br\/blog\/wp-json\/wp\/v2\/types\/page"}],"author":[{"embeddable":true,"href":"https:\/\/formuladascertificacoes.com.br\/blog\/wp-json\/wp\/v2\/users\/1"}],"replies":[{"embeddable":true,"href":"https:\/\/formuladascertificacoes.com.br\/blog\/wp-json\/wp\/v2\/comments?post=13"}],"version-history":[{"count":3,"href":"https:\/\/formuladascertificacoes.com.br\/blog\/wp-json\/wp\/v2\/pages\/13\/revisions"}],"predecessor-version":[{"id":210,"href":"https:\/\/formuladascertificacoes.com.br\/blog\/wp-json\/wp\/v2\/pages\/13\/revisions\/210"}],"wp:attachment":[{"href":"https:\/\/formuladascertificacoes.com.br\/blog\/wp-json\/wp\/v2\/media?parent=13"}],"curies":[{"name":"wp","href":"https:\/\/api.w.org\/{rel}","templated":true}]}}