{"id":9,"date":"2016-01-25T11:35:12","date_gmt":"2016-01-25T13:35:12","guid":{"rendered":"http:\/\/formuladascertificacoes.com.br\/blog\/?page_id=9"},"modified":"2016-11-24T19:25:56","modified_gmt":"2016-11-24T21:25:56","slug":"contato","status":"publish","type":"page","link":"https:\/\/formuladascertificacoes.com.br\/blog\/contato\/","title":{"rendered":"Contato"},"content":{"rendered":"<p><img loading=\"lazy\" decoding=\"async\" class=\"size-full wp-image-6 aligncenter\" src=\"http:\/\/formuladascertificacoes.com.br\/blog\/wp-content\/uploads\/2016\/01\/500-x-150-Formula-das-Certificacoes-Transparente.jpg\" alt=\"F\u00f3rmula das Certifica\u00e7\u00f5es\" width=\"500\" height=\"150\" srcset=\"https:\/\/formuladascertificacoes.com.br\/blog\/wp-content\/uploads\/2016\/01\/500-x-150-Formula-das-Certificacoes-Transparente.jpg 500w, https:\/\/formuladascertificacoes.com.br\/blog\/wp-content\/uploads\/2016\/01\/500-x-150-Formula-das-Certificacoes-Transparente-300x90.jpg 300w\" sizes=\"auto, (max-width: 500px) 100vw, 500px\" \/><\/p>\n<h2 style=\"text-align: center;\">Quer mais informa\u00e7\u00f5es a respeito do F\u00f3rmula das Certifica\u00e7\u00f5es?<\/h2>\n<p style=\"text-align: justify;\">Entre em contato com nossa equipe pelo e-mail abaixo. Tire todas as suas d\u00favidas referentes ao M\u00e9todo, ao processo de Coaching que o F\u00f3rmula das Certifica\u00e7\u00f5es traz at\u00e9 voc\u00ea e sobre como esta ideia se integrar\u00e1 \u00e0 sua vida de uma maneira que, em conjunto com voc\u00ea, te levar\u00e1 mais rapidamente at\u00e9 o sucesso Profissional!<\/p>\n<p>Envie um e-mail para:<\/p>\n<p><a href=\"mailto:suporte@formuladascertificacoes.com.br\">suporte@formuladascertificacoes.com.br<\/a><\/p>\n<p>Aguardamos seu contato!<\/p>\n<p><strong>#EquipeFC<\/strong><\/p>\n","protected":false},"excerpt":{"rendered":"<p>Quer mais informa\u00e7\u00f5es a respeito do F\u00f3rmula das Certifica\u00e7\u00f5es? Entre em contato com nossa equipe pelo e-mail abaixo. Tire todas as suas d\u00favidas referentes ao M\u00e9todo, ao processo de Coaching que o F\u00f3rmula das Certifica\u00e7\u00f5es traz at\u00e9 voc\u00ea e sobre como esta ideia se integrar\u00e1 \u00e0 sua vida de uma maneira que, em conjunto com voc\u00ea, te levar\u00e1 mais rapidamente at\u00e9 o sucesso Profissional! Envie um e-mail para: suporte@formuladascertificacoes.com.br Aguardamos seu contato! #EquipeFC<\/p>\n","protected":false},"author":1,"featured_media":0,"parent":0,"menu_order":0,"comment_status":"closed","ping_status":"closed","template":"","meta":{"_monsterinsights_skip_tracking":false,"_monsterinsights_sitenote_active":false,"_monsterinsights_sitenote_note":"","_monsterinsights_sitenote_category":0,"footnotes":""},"class_list":["entry","author-rodrigo","post-9","page","type-page","status-publish"],"_links":{"self":[{"href":"https:\/\/formuladascertificacoes.com.br\/blog\/wp-json\/wp\/v2\/pages\/9","targetHints":{"allow":["GET"]}}],"collection":[{"href":"https:\/\/formuladascertificacoes.com.br\/blog\/wp-json\/wp\/v2\/pages"}],"about":[{"href":"https:\/\/formuladascertificacoes.com.br\/blog\/wp-json\/wp\/v2\/types\/page"}],"author":[{"embeddable":true,"href":"https:\/\/formuladascertificacoes.com.br\/blog\/wp-json\/wp\/v2\/users\/1"}],"replies":[{"embeddable":true,"href":"https:\/\/formuladascertificacoes.com.br\/blog\/wp-json\/wp\/v2\/comments?post=9"}],"version-history":[{"count":4,"href":"https:\/\/formuladascertificacoes.com.br\/blog\/wp-json\/wp\/v2\/pages\/9\/revisions"}],"predecessor-version":[{"id":208,"href":"https:\/\/formuladascertificacoes.com.br\/blog\/wp-json\/wp\/v2\/pages\/9\/revisions\/208"}],"wp:attachment":[{"href":"https:\/\/formuladascertificacoes.com.br\/blog\/wp-json\/wp\/v2\/media?parent=9"}],"curies":[{"name":"wp","href":"https:\/\/api.w.org\/{rel}","templated":true}]}}